{"id":838,"date":"2021-09-03T18:15:31","date_gmt":"2021-09-03T15:15:31","guid":{"rendered":"https:\/\/tihasepesa.ee\/kylaliskorterid-muugiinfo\/"},"modified":"2025-11-10T13:42:19","modified_gmt":"2025-11-10T10:42:19","slug":"info","status":"publish","type":"page","link":"https:\/\/tihasepesa.ee\/en\/info\/","title":{"rendered":"Info"},"content":{"rendered":"","protected":false},"excerpt":{"rendered":"","protected":false},"author":1,"featured_media":0,"parent":0,"menu_order":0,"comment_status":"closed","ping_status":"closed","template":"page-templates\/template-terms-of-sale.php","meta":{"footnotes":""},"class_list":["post-838","page","type-page","status-publish","hentry"],"acf":[],"yoast_head":"<!-- This site is optimized with the Yoast SEO plugin v26.3 - https:\/\/yoast.com\/wordpress\/plugins\/seo\/ -->\n<title>Info Tihase 27, Kristiine - Eco Advice Kinnisvara uusarendus<\/title>\n<meta name=\"description\" content=\"M\u00fc\u00fca k\u00fclaliskorterid Kristiines S\u00f5pruse ja Tihase tn nurgal - Tihase tn 27. Arendaja Eco Advice Kinnisvara. www.tihasepesa.ee\" \/>\n<meta name=\"robots\" content=\"index, follow, max-snippet:-1, max-image-preview:large, max-video-preview:-1\" \/>\n<link rel=\"canonical\" href=\"https:\/\/tihasepesa.ee\/en\/info\/\" \/>\n<meta property=\"og:locale\" content=\"en_US\" \/>\n<meta property=\"og:type\" content=\"article\" \/>\n<meta property=\"og:title\" content=\"Uued korterid (k\u00fclaliskorterid) m\u00fc\u00fca Kristiines S\u00f5pruse pst \u00e4\u00e4res.\" \/>\n<meta property=\"og:description\" content=\"M\u00fc\u00fca k\u00fclaliskorterid Kristiines S\u00f5pruse ja Tihase tn nurgal - Tihase tn 27. Arendaja Eco Advice Kinnisvara. www.tihasepesa.ee\" \/>\n<meta property=\"og:url\" content=\"https:\/\/tihasepesa.ee\/en\/info\/\" \/>\n<meta property=\"og:site_name\" content=\"Tihasepesa\" \/>\n<meta property=\"article:modified_time\" content=\"2025-11-10T10:42:19+00:00\" \/>\n<meta property=\"og:image\" content=\"https:\/\/tihasepesa.ee\/wp-content\/uploads\/2022\/05\/Rectangle-2-Copy-5.jpg\" \/>\n\t<meta property=\"og:image:width\" content=\"932\" \/>\n\t<meta property=\"og:image:height\" content=\"602\" \/>\n\t<meta property=\"og:image:type\" content=\"image\/jpeg\" \/>\n<meta name=\"twitter:card\" content=\"summary_large_image\" \/>\n<meta name=\"twitter:title\" content=\"Uued korterid (k\u00fclaliskorterid) m\u00fc\u00fca Kristiines S\u00f5pruse pst \u00e4\u00e4res.\" \/>\n<meta name=\"twitter:description\" content=\"M\u00fc\u00fca k\u00fclaliskorterid Kristiines S\u00f5pruse ja Tihase tn nurgal - Tihase tn 27. Arendaja Eco Advice Kinnisvara. Pinnad alates 28 m2. www.tihasepesa.ee\" \/>\n<meta name=\"twitter:image\" content=\"https:\/\/tihasepesa.ee\/wp-content\/uploads\/2022\/05\/Rectangle-2-Copy-4.jpg\" \/>\n<script type=\"application\/ld+json\" class=\"yoast-schema-graph\">{\"@context\":\"https:\/\/schema.org\",\"@graph\":[{\"@type\":\"WebPage\",\"@id\":\"https:\/\/tihasepesa.ee\/en\/info\/\",\"url\":\"https:\/\/tihasepesa.ee\/en\/info\/\",\"name\":\"Info Tihase 27, Kristiine - Eco Advice Kinnisvara uusarendus\",\"isPartOf\":{\"@id\":\"https:\/\/tihasepesa.ee\/en\/#website\"},\"datePublished\":\"2021-09-03T15:15:31+00:00\",\"dateModified\":\"2025-11-10T10:42:19+00:00\",\"description\":\"M\u00fc\u00fca k\u00fclaliskorterid Kristiines S\u00f5pruse ja Tihase tn nurgal - Tihase tn 27. Arendaja Eco Advice Kinnisvara. www.tihasepesa.ee\",\"breadcrumb\":{\"@id\":\"https:\/\/tihasepesa.ee\/en\/info\/#breadcrumb\"},\"inLanguage\":\"en-US\",\"potentialAction\":[{\"@type\":\"ReadAction\",\"target\":[\"https:\/\/tihasepesa.ee\/en\/info\/\"]}]},{\"@type\":\"BreadcrumbList\",\"@id\":\"https:\/\/tihasepesa.ee\/en\/info\/#breadcrumb\",\"itemListElement\":[{\"@type\":\"ListItem\",\"position\":1,\"name\":\"Home\",\"item\":\"https:\/\/tihasepesa.ee\/en\/\"},{\"@type\":\"ListItem\",\"position\":2,\"name\":\"Info\"}]},{\"@type\":\"WebSite\",\"@id\":\"https:\/\/tihasepesa.ee\/en\/#website\",\"url\":\"https:\/\/tihasepesa.ee\/en\/\",\"name\":\"Tihasepesa\",\"description\":\"\",\"publisher\":{\"@id\":\"https:\/\/tihasepesa.ee\/en\/#organization\"},\"potentialAction\":[{\"@type\":\"SearchAction\",\"target\":{\"@type\":\"EntryPoint\",\"urlTemplate\":\"https:\/\/tihasepesa.ee\/en\/?s={search_term_string}\"},\"query-input\":{\"@type\":\"PropertyValueSpecification\",\"valueRequired\":true,\"valueName\":\"search_term_string\"}}],\"inLanguage\":\"en-US\"},{\"@type\":\"Organization\",\"@id\":\"https:\/\/tihasepesa.ee\/en\/#organization\",\"name\":\"Tihasepesa\",\"url\":\"https:\/\/tihasepesa.ee\/en\/\",\"logo\":{\"@type\":\"ImageObject\",\"inLanguage\":\"en-US\",\"@id\":\"https:\/\/tihasepesa.ee\/en\/#\/schema\/logo\/image\/\",\"url\":\"https:\/\/tihasepesa.ee\/wp-content\/uploads\/2022\/05\/logo.svg\",\"contentUrl\":\"https:\/\/tihasepesa.ee\/wp-content\/uploads\/2022\/05\/logo.svg\",\"width\":206,\"height\":120,\"caption\":\"Tihasepesa\"},\"image\":{\"@id\":\"https:\/\/tihasepesa.ee\/en\/#\/schema\/logo\/image\/\"}}]}<\/script>\n<!-- \/ Yoast SEO plugin. -->","yoast_head_json":{"title":"Info Tihase 27, Kristiine - Eco Advice Kinnisvara uusarendus","description":"M\u00fc\u00fca k\u00fclaliskorterid Kristiines S\u00f5pruse ja Tihase tn nurgal - Tihase tn 27. Arendaja Eco Advice Kinnisvara. www.tihasepesa.ee","robots":{"index":"index","follow":"follow","max-snippet":"max-snippet:-1","max-image-preview":"max-image-preview:large","max-video-preview":"max-video-preview:-1"},"canonical":"https:\/\/tihasepesa.ee\/en\/info\/","og_locale":"en_US","og_type":"article","og_title":"Uued korterid (k\u00fclaliskorterid) m\u00fc\u00fca Kristiines S\u00f5pruse pst \u00e4\u00e4res.","og_description":"M\u00fc\u00fca k\u00fclaliskorterid Kristiines S\u00f5pruse ja Tihase tn nurgal - Tihase tn 27. Arendaja Eco Advice Kinnisvara. www.tihasepesa.ee","og_url":"https:\/\/tihasepesa.ee\/en\/info\/","og_site_name":"Tihasepesa","article_modified_time":"2025-11-10T10:42:19+00:00","og_image":[{"width":932,"height":602,"url":"https:\/\/tihasepesa.ee\/wp-content\/uploads\/2022\/05\/Rectangle-2-Copy-5.jpg","type":"image\/jpeg"}],"twitter_card":"summary_large_image","twitter_title":"Uued korterid (k\u00fclaliskorterid) m\u00fc\u00fca Kristiines S\u00f5pruse pst \u00e4\u00e4res.","twitter_description":"M\u00fc\u00fca k\u00fclaliskorterid Kristiines S\u00f5pruse ja Tihase tn nurgal - Tihase tn 27. Arendaja Eco Advice Kinnisvara. Pinnad alates 28 m2. www.tihasepesa.ee","twitter_image":"https:\/\/tihasepesa.ee\/wp-content\/uploads\/2022\/05\/Rectangle-2-Copy-4.jpg","schema":{"@context":"https:\/\/schema.org","@graph":[{"@type":"WebPage","@id":"https:\/\/tihasepesa.ee\/en\/info\/","url":"https:\/\/tihasepesa.ee\/en\/info\/","name":"Info Tihase 27, Kristiine - Eco Advice Kinnisvara uusarendus","isPartOf":{"@id":"https:\/\/tihasepesa.ee\/en\/#website"},"datePublished":"2021-09-03T15:15:31+00:00","dateModified":"2025-11-10T10:42:19+00:00","description":"M\u00fc\u00fca k\u00fclaliskorterid Kristiines S\u00f5pruse ja Tihase tn nurgal - Tihase tn 27. Arendaja Eco Advice Kinnisvara. www.tihasepesa.ee","breadcrumb":{"@id":"https:\/\/tihasepesa.ee\/en\/info\/#breadcrumb"},"inLanguage":"en-US","potentialAction":[{"@type":"ReadAction","target":["https:\/\/tihasepesa.ee\/en\/info\/"]}]},{"@type":"BreadcrumbList","@id":"https:\/\/tihasepesa.ee\/en\/info\/#breadcrumb","itemListElement":[{"@type":"ListItem","position":1,"name":"Home","item":"https:\/\/tihasepesa.ee\/en\/"},{"@type":"ListItem","position":2,"name":"Info"}]},{"@type":"WebSite","@id":"https:\/\/tihasepesa.ee\/en\/#website","url":"https:\/\/tihasepesa.ee\/en\/","name":"Tihasepesa","description":"","publisher":{"@id":"https:\/\/tihasepesa.ee\/en\/#organization"},"potentialAction":[{"@type":"SearchAction","target":{"@type":"EntryPoint","urlTemplate":"https:\/\/tihasepesa.ee\/en\/?s={search_term_string}"},"query-input":{"@type":"PropertyValueSpecification","valueRequired":true,"valueName":"search_term_string"}}],"inLanguage":"en-US"},{"@type":"Organization","@id":"https:\/\/tihasepesa.ee\/en\/#organization","name":"Tihasepesa","url":"https:\/\/tihasepesa.ee\/en\/","logo":{"@type":"ImageObject","inLanguage":"en-US","@id":"https:\/\/tihasepesa.ee\/en\/#\/schema\/logo\/image\/","url":"https:\/\/tihasepesa.ee\/wp-content\/uploads\/2022\/05\/logo.svg","contentUrl":"https:\/\/tihasepesa.ee\/wp-content\/uploads\/2022\/05\/logo.svg","width":206,"height":120,"caption":"Tihasepesa"},"image":{"@id":"https:\/\/tihasepesa.ee\/en\/#\/schema\/logo\/image\/"}}]}},"_links":{"self":[{"href":"https:\/\/tihasepesa.ee\/en\/wp-json\/wp\/v2\/pages\/838","targetHints":{"allow":["GET"]}}],"collection":[{"href":"https:\/\/tihasepesa.ee\/en\/wp-json\/wp\/v2\/pages"}],"about":[{"href":"https:\/\/tihasepesa.ee\/en\/wp-json\/wp\/v2\/types\/page"}],"author":[{"embeddable":true,"href":"https:\/\/tihasepesa.ee\/en\/wp-json\/wp\/v2\/users\/1"}],"replies":[{"embeddable":true,"href":"https:\/\/tihasepesa.ee\/en\/wp-json\/wp\/v2\/comments?post=838"}],"version-history":[{"count":3,"href":"https:\/\/tihasepesa.ee\/en\/wp-json\/wp\/v2\/pages\/838\/revisions"}],"predecessor-version":[{"id":845,"href":"https:\/\/tihasepesa.ee\/en\/wp-json\/wp\/v2\/pages\/838\/revisions\/845"}],"wp:attachment":[{"href":"https:\/\/tihasepesa.ee\/en\/wp-json\/wp\/v2\/media?parent=838"}],"curies":[{"name":"wp","href":"https:\/\/api.w.org\/{rel}","templated":true}]}}